{"id":554,"date":"2024-09-03T11:10:40","date_gmt":"2024-09-03T11:10:40","guid":{"rendered":"https:\/\/bleamcreative.com\/mwc\/pt\/produto\/h-o-matrona-rose\/"},"modified":"2025-11-19T11:59:18","modified_gmt":"2025-11-19T11:59:18","slug":"h-o-matrona-rose","status":"publish","type":"product","link":"https:\/\/portugal.menin.pt\/en\/produto\/h-o-matrona-rose\/","title":{"rendered":"H.O Matrona Ros\u00e9"},"content":{"rendered":"<p>H.O Matrona Ros\u00e9 2023 is a very classy ros\u00e9. The nose is very complete and harmonious with nuances of fresh red fruit, white flowers, talcum powder and well-integrated wood spices reminiscent of white pepper. On the palate, it is very enveloping with a great sense of unctuousness combined with strong acidity, showing a slight sense of saltiness and a lot of persistence on the palate.  <\/p>\n","protected":false},"excerpt":{"rendered":"<p>H.O Matrona Ros\u00e9 2023 is a very classy ros\u00e9. The nose is very complete and harmonious with nuances of fresh red fruit, white flowers, talcum powder and well-integrated wood spices reminiscent of white pepper. On the palate, it is very enveloping with a great sense of unctuousness combined with strong acidity, showing a slight sense [&hellip;]<\/p>\n","protected":false},"featured_media":507,"template":"","meta":[],"product_brand":[],"product_cat":[129,128,130],"product_tag":[131],"tipo-produto":[125],"estilo-produto":[126],"qualidade-produto":[134],"class_list":{"0":"post-554","1":"product","2":"type-product","3":"status-publish","4":"has-post-thumbnail","6":"product_cat-h-o-wines","7":"product_cat-harvesting","8":"product_cat-wine-h-o","9":"product_tag-rose-en","10":"tipo-produto-wine","11":"estilo-produto-doc-douro-en","12":"qualidade-produto-rose-en","14":"first","15":"instock","16":"taxable","17":"shipping-taxable","18":"purchasable","19":"product-type-simple"},"_links":{"self":[{"href":"https:\/\/portugal.menin.pt\/en\/wp-json\/wp\/v2\/product\/554","targetHints":{"allow":["GET"]}}],"collection":[{"href":"https:\/\/portugal.menin.pt\/en\/wp-json\/wp\/v2\/product"}],"about":[{"href":"https:\/\/portugal.menin.pt\/en\/wp-json\/wp\/v2\/types\/product"}],"wp:featuredmedia":[{"embeddable":true,"href":"https:\/\/portugal.menin.pt\/en\/wp-json\/wp\/v2\/media\/507"}],"wp:attachment":[{"href":"https:\/\/portugal.menin.pt\/en\/wp-json\/wp\/v2\/media?parent=554"}],"wp:term":[{"taxonomy":"product_brand","embeddable":true,"href":"https:\/\/portugal.menin.pt\/en\/wp-json\/wp\/v2\/product_brand?post=554"},{"taxonomy":"product_cat","embeddable":true,"href":"https:\/\/portugal.menin.pt\/en\/wp-json\/wp\/v2\/product_cat?post=554"},{"taxonomy":"product_tag","embeddable":true,"href":"https:\/\/portugal.menin.pt\/en\/wp-json\/wp\/v2\/product_tag?post=554"},{"taxonomy":"tipo-produto","embeddable":true,"href":"https:\/\/portugal.menin.pt\/en\/wp-json\/wp\/v2\/tipo-produto?post=554"},{"taxonomy":"estilo-produto","embeddable":true,"href":"https:\/\/portugal.menin.pt\/en\/wp-json\/wp\/v2\/estilo-produto?post=554"},{"taxonomy":"qualidade-produto","embeddable":true,"href":"https:\/\/portugal.menin.pt\/en\/wp-json\/wp\/v2\/qualidade-produto?post=554"}],"curies":[{"name":"wp","href":"https:\/\/api.w.org\/{rel}","templated":true}]}}